{"id":317,"date":"2020-10-19T10:06:13","date_gmt":"2020-10-19T10:06:13","guid":{"rendered":"https:\/\/territoriosinteligentes.net\/it\/services\/"},"modified":"2026-02-11T16:36:42","modified_gmt":"2026-02-11T16:36:42","slug":"services","status":"publish","type":"page","link":"https:\/\/territoriosinteligentes.net\/it\/services\/","title":{"rendered":"Services"},"content":{"rendered":"\n<section class=\"servicios-egob\">\n  <div class=\"servicios-header\">\n    <h2>Nuestros Servicios<\/h2>\n    <p>Soluciones Tecnol\u00f3gicas<\/p>\n  <\/div>\n\n  <div class=\"servicios-grid\">\n    <div class=\"servicio-card\">\n      <div class=\"servicio-icon\">\n        <img decoding=\"async\" src=\"https:\/\/territoriosinteligentes.net\/it\/wp-content\/uploads\/2021\/11\/IMPLEMENTACION.png\" alt=\"Desarrollo\" title=\"Services\">\n      <\/div>\n      <h3>DESARROLLO<\/h3>\n      <p>Desarrollamos y creamos aplicaciones inform\u00e1ticas.<\/p>\n    <\/div>\n\n    <div class=\"servicio-card\">\n      <div class=\"servicio-icon\">\n        <img decoding=\"async\" src=\"https:\/\/territoriosinteligentes.net\/it\/wp-content\/uploads\/2021\/11\/ANALISISDEDATOS.png\" alt=\"Miner\u00eda de Datos\" title=\"Services\">\n      <\/div>\n      <h3>MINER\u00cdA DE DATOS<\/h3>\n      <p>Inteligencia artificial, estad\u00edstica y sistemas de bases de datos.<\/p>\n    <\/div>\n\n    <div class=\"servicio-card\">\n      <div class=\"servicio-icon\">\n        <img decoding=\"async\" src=\"https:\/\/territoriosinteligentes.net\/it\/wp-content\/uploads\/2021\/11\/IMPLEMENTACION2.png\" alt=\"Implementaci\u00f3n\" title=\"Services\">\n      <\/div>\n      <h3>IMPLEMENTACI\u00d3N<\/h3>\n      <p>De herramientas tecnol\u00f3gicas en el sector privado y p\u00fablico.<\/p>\n    <\/div>\n\n    <div class=\"servicio-card\">\n      <div class=\"servicio-icon\">\n        <img decoding=\"async\" src=\"https:\/\/territoriosinteligentes.net\/it\/wp-content\/uploads\/2021\/11\/MANTENIMIENTO2.png\" alt=\"Soporte\" title=\"Services\">\n      <\/div>\n      <h3>SOPORTE<\/h3>\n      <p>Mantenimiento de plataformas tipo ERP para entidades p\u00fablicas.<\/p>\n    <\/div>\n\n    <div class=\"servicio-card\">\n      <div class=\"servicio-icon\">\n        <img decoding=\"async\" src=\"https:\/\/territoriosinteligentes.net\/it\/wp-content\/uploads\/2021\/11\/SOPORTE.png\" alt=\"Consultor\u00eda\" title=\"Services\">\n      <\/div>\n      <h3>CONSULTOR\u00cdA<\/h3>\n      <p>En procesos y en mejores pr\u00e1cticas para GAD y EPs.<\/p>\n    <\/div>\n  <\/div>\n<\/section>\n\n<style>\n\/* Contenedor General *\/\n.servicios-egob {\n  padding: 80px 20px;\n  background-color: #ffffff;\n  font-family: 'Inter', sans-serif;\n}\n\n.servicios-header {\n  text-align: center;\n  margin-bottom: 50px;\n}\n\n.servicios-header h2 {\n  font-size: 2.5rem;\n  color: #0f172a;\n  margin-bottom: 10px;\n  font-weight: 800;\n}\n\n.servicios-header p {\n  font-size: 1.2rem;\n  color: #0066ff;\n  font-weight: 600;\n  text-transform: uppercase;\n  letter-spacing: 1px;\n}\n\n\/* Grilla de Servicios *\/\n.servicios-grid {\n  display: grid;\n  grid-template-columns: repeat(auto-fit, minmax(280px, 1fr));\n  gap: 30px;\n  max-width: 1200px;\n  margin: 0 auto;\n}\n\n\/* Tarjetas Individuales *\/\n.servicio-card {\n  background: #fff;\n  padding: 40px 30px;\n  border-radius: 20px;\n  border: 1px solid #f1f5f9;\n  text-align: center;\n  transition: all 0.3s ease;\n  box-shadow: 0 4px 6px rgba(0,0,0,0.02);\n}\n\n.servicio-card:hover {\n  transform: translateY(-10px);\n  border-color: #0066ff;\n  box-shadow: 0 20px 25px -5px rgba(0, 102, 255, 0.1);\n}\n\n.servicio-icon img {\n  width: 70px;\n  height: auto;\n  margin-bottom: 25px;\n  filter: drop-shadow(0 4px 6px rgba(0,0,0,0.1));\n}\n\n.servicio-card h3 {\n  font-size: 1.25rem;\n  color: #1e293b;\n  margin-bottom: 15px;\n  font-weight: 700;\n}\n\n.servicio-card p {\n  color: #64748b;\n  line-height: 1.6;\n  font-size: 1rem;\n}\n\n\/* Ajustes para m\u00f3viles *\/\n@media (max-width: 768px) {\n  .servicios-header h2 { font-size: 2rem; }\n  .servicio-card { padding: 30px 20px; }\n}\n<\/style>\n","protected":false},"excerpt":{"rendered":"<p>Nuestros Servicios Soluciones Tecnol\u00f3gicas DESARROLLO Desarrollamos y creamos aplicaciones inform\u00e1ticas. MINER\u00cdA DE DATOS Inteligencia artificial, estad\u00edstica y sistemas de bases de datos. IMPLEMENTACI\u00d3N De herramientas tecnol\u00f3gicas en el sector privado y p\u00fablico. SOPORTE Mantenimiento de plataformas tipo ERP para entidades p\u00fablicas. CONSULTOR\u00cdA En procesos y en mejores pr\u00e1cticas para GAD y EPs.<\/p>\n","protected":false},"author":1,"featured_media":0,"parent":0,"menu_order":0,"comment_status":"closed","ping_status":"closed","template":"","meta":{"_uag_custom_page_level_css":"","site-sidebar-layout":"default","site-content-layout":"","ast-site-content-layout":"default","site-content-style":"default","site-sidebar-style":"default","ast-global-header-display":"","ast-banner-title-visibility":"","ast-main-header-display":"","ast-hfb-above-header-display":"","ast-hfb-below-header-display":"","ast-hfb-mobile-header-display":"","site-post-title":"","ast-breadcrumbs-content":"","ast-featured-img":"","footer-sml-layout":"","ast-disable-related-posts":"","theme-transparent-header-meta":"","adv-header-id-meta":"","stick-header-meta":"","header-above-stick-meta":"","header-main-stick-meta":"","header-below-stick-meta":"","astra-migrate-meta-layouts":"set","ast-page-background-enabled":"default","ast-page-background-meta":{"desktop":{"background-color":"var(--ast-global-color-4)","background-image":"","background-repeat":"repeat","background-position":"center center","background-size":"auto","background-attachment":"scroll","background-type":"","background-media":"","overlay-type":"","overlay-color":"","overlay-opacity":"","overlay-gradient":""},"tablet":{"background-color":"","background-image":"","background-repeat":"repeat","background-position":"center center","background-size":"auto","background-attachment":"scroll","background-type":"","background-media":"","overlay-type":"","overlay-color":"","overlay-opacity":"","overlay-gradient":""},"mobile":{"background-color":"","background-image":"","background-repeat":"repeat","background-position":"center center","background-size":"auto","background-attachment":"scroll","background-type":"","background-media":"","overlay-type":"","overlay-color":"","overlay-opacity":"","overlay-gradient":""}},"ast-content-background-meta":{"desktop":{"background-color":"var(--ast-global-color-5)","background-image":"","background-repeat":"repeat","background-position":"center center","background-size":"auto","background-attachment":"scroll","background-type":"","background-media":"","overlay-type":"","overlay-color":"","overlay-opacity":"","overlay-gradient":""},"tablet":{"background-color":"var(--ast-global-color-5)","background-image":"","background-repeat":"repeat","background-position":"center center","background-size":"auto","background-attachment":"scroll","background-type":"","background-media":"","overlay-type":"","overlay-color":"","overlay-opacity":"","overlay-gradient":""},"mobile":{"background-color":"var(--ast-global-color-5)","background-image":"","background-repeat":"repeat","background-position":"center center","background-size":"auto","background-attachment":"scroll","background-type":"","background-media":"","overlay-type":"","overlay-color":"","overlay-opacity":"","overlay-gradient":""}},"footnotes":""},"class_list":["post-317","page","type-page","status-publish","hentry"],"uagb_featured_image_src":{"full":false,"thumbnail":false,"medium":false,"medium_large":false,"large":false,"1536x1536":false,"2048x2048":false},"uagb_author_info":{"display_name":"admin","author_link":"https:\/\/territoriosinteligentes.net\/it\/author\/admin\/"},"uagb_comment_info":0,"uagb_excerpt":"Nuestros Servicios Soluciones Tecnol\u00f3gicas DESARROLLO Desarrollamos y creamos aplicaciones inform\u00e1ticas. MINER\u00cdA DE DATOS Inteligencia artificial, estad\u00edstica y sistemas de bases de datos. IMPLEMENTACI\u00d3N De herramientas tecnol\u00f3gicas en el sector privado y p\u00fablico. SOPORTE Mantenimiento de plataformas tipo ERP para entidades p\u00fablicas. CONSULTOR\u00cdA En procesos y en mejores pr\u00e1cticas para GAD y EPs.","_links":{"self":[{"href":"https:\/\/territoriosinteligentes.net\/it\/wp-json\/wp\/v2\/pages\/317","targetHints":{"allow":["GET"]}}],"collection":[{"href":"https:\/\/territoriosinteligentes.net\/it\/wp-json\/wp\/v2\/pages"}],"about":[{"href":"https:\/\/territoriosinteligentes.net\/it\/wp-json\/wp\/v2\/types\/page"}],"author":[{"embeddable":true,"href":"https:\/\/territoriosinteligentes.net\/it\/wp-json\/wp\/v2\/users\/1"}],"replies":[{"embeddable":true,"href":"https:\/\/territoriosinteligentes.net\/it\/wp-json\/wp\/v2\/comments?post=317"}],"version-history":[{"count":76,"href":"https:\/\/territoriosinteligentes.net\/it\/wp-json\/wp\/v2\/pages\/317\/revisions"}],"predecessor-version":[{"id":3497,"href":"https:\/\/territoriosinteligentes.net\/it\/wp-json\/wp\/v2\/pages\/317\/revisions\/3497"}],"wp:attachment":[{"href":"https:\/\/territoriosinteligentes.net\/it\/wp-json\/wp\/v2\/media?parent=317"}],"curies":[{"name":"wp","href":"https:\/\/api.w.org\/{rel}","templated":true}]}}