{"id":314,"date":"2020-10-19T10:07:55","date_gmt":"2020-10-19T10:07:55","guid":{"rendered":"https:\/\/territoriosinteligentes.net\/it\/contact\/"},"modified":"2026-02-12T13:45:16","modified_gmt":"2026-02-12T13:45:16","slug":"contact","status":"publish","type":"page","link":"https:\/\/territoriosinteligentes.net\/it\/contact\/","title":{"rendered":"Contact"},"content":{"rendered":"    <section class=\"contacto-seccion\">\n        <div class=\"contacto-container\">\n            \n            <div class=\"contacto-info\">\n                <div class=\"info-header\">\n                    <h2>Ponte en contacto<\/h2>\n                    <p>Estamos listos para ayudarte a modernizar tu gesti\u00f3n con soluciones inteligentes.<\/p>\n                <\/div>\n\n                <div class=\"info-detalles\">\n                    <div class=\"info-item\">\n                        <div class=\"icon\">\ud83d\udccd<\/div>\n                        <div class=\"text\">\n                            <h4>Direcci\u00f3n<\/h4>\n                            <p>Gonz\u00e1lez Su\u00e1rez y Cumand\u00e1 (Esquina), Cuenca - Ecuador<\/p>\n                        <\/div>\n                    <\/div>\n\n                    <div class=\"info-item\">\n                        <div class=\"icon\">\ud83d\udcde<\/div>\n                        <div class=\"text\">\n                            <h4>Tel\u00e9fono<\/h4>\n                            <p>+593 99 902 2764<\/p>\n                        <\/div>\n                    <\/div>\n\n                    <div class=\"info-item\">\n                        <div class=\"icon\">\u2709\ufe0f<\/div>\n                        <div class=\"text\">\n                            <h4>Correo Electr\u00f3nico<\/h4>\n                            <p>info@territoriosinteligentes.net<\/p>\n                        <\/div>\n                    <\/div>\n                <\/div>\n\n                <div class=\"mapa-wrapper\" onclick=\"window.open('https:\/\/maps.app.goo.gl\/w4osBWTfjAym5kb57', '_blank')\" style=\"cursor: pointer;\">\n                    <iframe \n                        src=\"https:\/\/www.google.com\/maps\/embed?pb=!1m18!1m12!1m3!1d3984.7214588502!2d-78.98815!3d-2.88782!2m3!1f0!2f0!3f0!3m2!1i1024!2i768!4f13.1!3m3!1m2!1s0x91cd1866389f417f%3A0x6a0c0b87566d8021!2sAv.%20Gonz%C3%A1lez%20Su%C3%A1rez%20%26%20Cumand%C3%A1%2C%20Cuenca!5e0!3m2!1ses!2sec!4v1700000000000!5m2!1ses!2sec\" \n                        width=\"100%\" \n                        height=\"300\" \n                        style=\"border:0; pointer-events: none;\" \n                        allowfullscreen=\"\" \n                        loading=\"lazy\">\n                    <\/iframe>\n                <\/div>\n            <\/div>\n\n            <div class=\"contacto-form-wrapper\">\n                <form class=\"contacto-form ti-contact-form\" id=\"ti-contact-form\">\n                    <h3>Env\u00edanos un mensaje<\/h3>\n                    \n                    <div id=\"ti-form-messages\"><\/div>\n                    \n                    <div class=\"form-group\">\n                        <label>Nombre Completo *<\/label>\n                        <input type=\"text\" name=\"nombre\" placeholder=\"Ingresa tu nombre\" required>\n                    <\/div>\n                    \n                    <div class=\"form-group\">\n                        <label>Correo Electr\u00f3nico *<\/label>\n                        <input type=\"email\" name=\"email\" placeholder=\"Ingresa tu correo institucional o personal\" required>\n                    <\/div>\n\n                    <div class=\"form-group\">\n                        <label>Asunto<\/label>\n                        <input type=\"text\" name=\"asunto\" placeholder=\"Ej. Solicitud de Demo e-GOB\">\n                    <\/div>\n\n                    <div class=\"form-group\">\n                        <label>Mensaje *<\/label>\n                        <textarea name=\"mensaje\" rows=\"5\" placeholder=\"Cu\u00e9ntanos c\u00f3mo podemos ayudarte...\" required><\/textarea>\n                    <\/div>\n\n                    <button type=\"submit\" class=\"btn-enviar\">Enviar Mensaje<\/button>\n                <\/form>\n            <\/div>\n\n        <\/div>\n    <\/section>\n    \n","protected":false},"excerpt":{"rendered":"","protected":false},"author":1,"featured_media":0,"parent":0,"menu_order":0,"comment_status":"closed","ping_status":"closed","template":"templates\/page-builder-content.php","meta":{"_uag_custom_page_level_css":"","site-sidebar-layout":"default","site-content-layout":"","ast-site-content-layout":"default","site-content-style":"default","site-sidebar-style":"default","ast-global-header-display":"","ast-banner-title-visibility":"","ast-main-header-display":"","ast-hfb-above-header-display":"","ast-hfb-below-header-display":"","ast-hfb-mobile-header-display":"","site-post-title":"","ast-breadcrumbs-content":"","ast-featured-img":"","footer-sml-layout":"","ast-disable-related-posts":"","theme-transparent-header-meta":"","adv-header-id-meta":"","stick-header-meta":"","header-above-stick-meta":"","header-main-stick-meta":"","header-below-stick-meta":"","astra-migrate-meta-layouts":"set","ast-page-background-enabled":"default","ast-page-background-meta":{"desktop":{"background-color":"var(--ast-global-color-4)","background-image":"","background-repeat":"repeat","background-position":"center center","background-size":"auto","background-attachment":"scroll","background-type":"","background-media":"","overlay-type":"","overlay-color":"","overlay-opacity":"","overlay-gradient":""},"tablet":{"background-color":"","background-image":"","background-repeat":"repeat","background-position":"center center","background-size":"auto","background-attachment":"scroll","background-type":"","background-media":"","overlay-type":"","overlay-color":"","overlay-opacity":"","overlay-gradient":""},"mobile":{"background-color":"","background-image":"","background-repeat":"repeat","background-position":"center center","background-size":"auto","background-attachment":"scroll","background-type":"","background-media":"","overlay-type":"","overlay-color":"","overlay-opacity":"","overlay-gradient":""}},"ast-content-background-meta":{"desktop":{"background-color":"var(--ast-global-color-5)","background-image":"","background-repeat":"repeat","background-position":"center center","background-size":"auto","background-attachment":"scroll","background-type":"","background-media":"","overlay-type":"","overlay-color":"","overlay-opacity":"","overlay-gradient":""},"tablet":{"background-color":"var(--ast-global-color-5)","background-image":"","background-repeat":"repeat","background-position":"center center","background-size":"auto","background-attachment":"scroll","background-type":"","background-media":"","overlay-type":"","overlay-color":"","overlay-opacity":"","overlay-gradient":""},"mobile":{"background-color":"var(--ast-global-color-5)","background-image":"","background-repeat":"repeat","background-position":"center center","background-size":"auto","background-attachment":"scroll","background-type":"","background-media":"","overlay-type":"","overlay-color":"","overlay-opacity":"","overlay-gradient":""}},"footnotes":""},"class_list":["post-314","page","type-page","status-publish","hentry"],"uagb_featured_image_src":{"full":false,"thumbnail":false,"medium":false,"medium_large":false,"large":false,"1536x1536":false,"2048x2048":false},"uagb_author_info":{"display_name":"admin","author_link":"https:\/\/territoriosinteligentes.net\/it\/author\/admin\/"},"uagb_comment_info":0,"uagb_excerpt":null,"_links":{"self":[{"href":"https:\/\/territoriosinteligentes.net\/it\/wp-json\/wp\/v2\/pages\/314","targetHints":{"allow":["GET"]}}],"collection":[{"href":"https:\/\/territoriosinteligentes.net\/it\/wp-json\/wp\/v2\/pages"}],"about":[{"href":"https:\/\/territoriosinteligentes.net\/it\/wp-json\/wp\/v2\/types\/page"}],"author":[{"embeddable":true,"href":"https:\/\/territoriosinteligentes.net\/it\/wp-json\/wp\/v2\/users\/1"}],"replies":[{"embeddable":true,"href":"https:\/\/territoriosinteligentes.net\/it\/wp-json\/wp\/v2\/comments?post=314"}],"version-history":[{"count":8,"href":"https:\/\/territoriosinteligentes.net\/it\/wp-json\/wp\/v2\/pages\/314\/revisions"}],"predecessor-version":[{"id":3516,"href":"https:\/\/territoriosinteligentes.net\/it\/wp-json\/wp\/v2\/pages\/314\/revisions\/3516"}],"wp:attachment":[{"href":"https:\/\/territoriosinteligentes.net\/it\/wp-json\/wp\/v2\/media?parent=314"}],"curies":[{"name":"wp","href":"https:\/\/api.w.org\/{rel}","templated":true}]}}